{"id":346,"date":"2017-02-06T08:50:11","date_gmt":"2017-02-06T08:50:11","guid":{"rendered":"http:\/\/www.srnibasecamp.cz\/?page_id=346"},"modified":"2022-04-05T18:59:18","modified_gmt":"2022-04-05T18:59:18","slug":"home-1","status":"publish","type":"page","link":"https:\/\/www.srnibasecamp.cz\/","title":{"rendered":"Welcome"},"content":{"rendered":"<p>[vc_row][vc_column][vc_column_text]Apartm\u00e1n Srn\u00ed Basecamp jsme kompletn\u011b zrenovovali a rekonstrukci dokon\u010dili v lednu 2021. Nach\u00e1z\u00ed se na okraji obce Srn\u00ed v dvoupatrov\u00e9m bytov\u00e9m dom\u011b ze 70\u00fdch let. K dispozici je pln\u011b vybaven\u00fd 1+1 apartm\u00e1n v druh\u00e9m pat\u0159e pod st\u0159echou s v\u00fdhledem na sr\u0148sk\u00fd kostel o kapacit\u011b ide\u00e1ln\u00ed pro 2 dosp\u011bl\u00e9, p\u0159\u00edp. rodinu s mal\u00fdm d\u00edt\u011btem. Um\u00edme na po\u017e\u00e1d\u00e1n\u00ed ubytovac\u00ed kapacitu roz\u0161\u00ed\u0159it o tzv. family room s v\u00fdhledem na Obl\u00edk a na Zelenou horu a pak se do cel\u00e9ho 2+1 bytu vejdete klidn\u011b 3 nebo 4.[\/vc_column_text][\/vc_column][\/vc_row][vc_row][vc_column][vc_single_image image=&#8220;1253&#8243; img_size=&#8220;full&#8220; alignment=&#8220;center&#8220;][vc_column_text]Srn\u00ed je typick\u00e1 \u0161umavsk\u00e1 vesni\u010dka v 850ti metrech nad mo\u0159em s kr\u00e1sn\u00fdm monument\u00e1ln\u00edm kostelem, s n\u00e1dhernou p\u0159\u00edrodou chr\u00e1n\u011bnou N\u00e1rodn\u00edm parkem \u0160umava, na jeho\u017e \u00fazem\u00ed se Srn\u00ed nach\u00e1z\u00ed. S proslul\u00fdm Vchynicko-Tetovsk\u00fdm plavebn\u00edm kan\u00e1lem, s pramenem \u00fadajn\u011b l\u00e9\u010div\u00e9 vody u uzdravuj\u00edc\u00ed, kdysi-z\u00e1zraky-proslaven\u00e9 nedalek\u00e9 Hauswaldsk\u00e9 kaple.[\/vc_column_text][vc_single_image image=&#8220;1112&#8243; img_size=&#8220;full&#8220;][\/vc_column][\/vc_row][vc_row][vc_column][vc_column_text]P\u0159ije\u010fte za n\u00e1mi, uk\u00e1\u017eeme v\u00e1m \u0160umavu na\u0161ima o\u010dima[\/vc_column_text][\/vc_column][\/vc_row][vc_row][vc_column][vc_single_image image=&#8220;1213&#8243; img_size=&#8220;full&#8220;][\/vc_column][\/vc_row]<\/p>\n","protected":false},"excerpt":{"rendered":"<p>[vc_row][vc_column][vc_column_text]Apartm\u00e1n Srn\u00ed Basecamp jsme kompletn\u011b zrenovovali a rekonstrukci dokon\u010dili v lednu 2021. Nach\u00e1z\u00ed se na okraji obce Srn\u00ed ...<\/p>","protected":false},"author":1,"featured_media":0,"parent":0,"menu_order":0,"comment_status":"closed","ping_status":"closed","template":"","meta":[],"_links":{"self":[{"href":"https:\/\/www.srnibasecamp.cz\/index.php\/wp-json\/wp\/v2\/pages\/346"}],"collection":[{"href":"https:\/\/www.srnibasecamp.cz\/index.php\/wp-json\/wp\/v2\/pages"}],"about":[{"href":"https:\/\/www.srnibasecamp.cz\/index.php\/wp-json\/wp\/v2\/types\/page"}],"author":[{"embeddable":true,"href":"https:\/\/www.srnibasecamp.cz\/index.php\/wp-json\/wp\/v2\/users\/1"}],"replies":[{"embeddable":true,"href":"https:\/\/www.srnibasecamp.cz\/index.php\/wp-json\/wp\/v2\/comments?post=346"}],"version-history":[{"count":24,"href":"https:\/\/www.srnibasecamp.cz\/index.php\/wp-json\/wp\/v2\/pages\/346\/revisions"}],"predecessor-version":[{"id":1372,"href":"https:\/\/www.srnibasecamp.cz\/index.php\/wp-json\/wp\/v2\/pages\/346\/revisions\/1372"}],"wp:attachment":[{"href":"https:\/\/www.srnibasecamp.cz\/index.php\/wp-json\/wp\/v2\/media?parent=346"}],"curies":[{"name":"wp","href":"https:\/\/api.w.org\/{rel}","templated":true}]}}