{"id":1165,"date":"2021-06-04T09:28:33","date_gmt":"2021-06-04T09:28:33","guid":{"rendered":"http:\/\/www.srnibasecamp.cz\/?page_id=1165"},"modified":"2022-01-04T23:40:15","modified_gmt":"2022-01-04T23:40:15","slug":"vybaveni","status":"publish","type":"page","link":"https:\/\/www.srnibasecamp.cz\/index.php\/vybaveni\/","title":{"rendered":"Vybaven\u00ed"},"content":{"rendered":"<p>[vc_row][vc_column][vc_column_text]<\/p>\n<ul>\n<li>Wifi &#8211; rychl\u00fd internet 50Mb\/s<\/li>\n<li>Ledni\u010dka s mal\u00fdm mraz\u00e1kem<\/li>\n<li>Varn\u00e1 konvice<\/li>\n<li>Mikrovlnka<\/li>\n<li>Elektrick\u00fd spor\u00e1k s troubou a digesto\u0159\u00ed<\/li>\n<li>Automatick\u00e1 pra\u010dka<\/li>\n<li>Kompletn\u00ed vybaven\u00ed kuchyn\u011b \u2013 n\u00e1dob\u00ed, j\u00eddeln\u00ed servis, sklenice, hrnky, atd.<\/li>\n<li>My\u010dka n\u00e1dob\u00ed<\/li>\n<li>TV s programy O2 TV<\/li>\n<li>Ru\u010dn\u00edky<\/li>\n<li>Povle\u010den\u00ed<\/li>\n<li>D\u011btsk\u00e1 post\u00fdlka (na vy\u017e\u00e1d\u00e1n\u00ed)<\/li>\n<li>Soukrom\u00e1 kol\u00e1rna, ly\u017e\u00e1rna (mo\u017enost uzamknout va\u0161e kola, ly\u017ee v b\u00fdval\u00e9 pr\u00e1deln\u011b v p\u0159\u00edzem\u00ed domu sd\u00edlen\u00e9 pouze s jedn\u011bmi sousedy)<\/li>\n<\/ul>\n<p>&nbsp;<\/p>\n\n<p>&nbsp;<\/p>\n<p>[\/vc_column_text][\/vc_column][\/vc_row]<\/p>\n","protected":false},"excerpt":{"rendered":"<p>[vc_row][vc_column][vc_column_text] Wifi &#8211; rychl\u00fd internet 50Mb\/s Ledni\u010dka s mal\u00fdm mraz\u00e1kem Varn\u00e1 konvice Mikrovlnka Elektrick\u00fd spor\u00e1k s troubou a ...<\/p>","protected":false},"author":1,"featured_media":0,"parent":0,"menu_order":0,"comment_status":"closed","ping_status":"closed","template":"","meta":[],"_links":{"self":[{"href":"https:\/\/www.srnibasecamp.cz\/index.php\/wp-json\/wp\/v2\/pages\/1165"}],"collection":[{"href":"https:\/\/www.srnibasecamp.cz\/index.php\/wp-json\/wp\/v2\/pages"}],"about":[{"href":"https:\/\/www.srnibasecamp.cz\/index.php\/wp-json\/wp\/v2\/types\/page"}],"author":[{"embeddable":true,"href":"https:\/\/www.srnibasecamp.cz\/index.php\/wp-json\/wp\/v2\/users\/1"}],"replies":[{"embeddable":true,"href":"https:\/\/www.srnibasecamp.cz\/index.php\/wp-json\/wp\/v2\/comments?post=1165"}],"version-history":[{"count":6,"href":"https:\/\/www.srnibasecamp.cz\/index.php\/wp-json\/wp\/v2\/pages\/1165\/revisions"}],"predecessor-version":[{"id":1340,"href":"https:\/\/www.srnibasecamp.cz\/index.php\/wp-json\/wp\/v2\/pages\/1165\/revisions\/1340"}],"wp:attachment":[{"href":"https:\/\/www.srnibasecamp.cz\/index.php\/wp-json\/wp\/v2\/media?parent=1165"}],"curies":[{"name":"wp","href":"https:\/\/api.w.org\/{rel}","templated":true}]}}